{"id":2020,"date":"2025-02-04T12:23:26","date_gmt":"2025-02-04T12:23:26","guid":{"rendered":"https:\/\/skingraphix.de\/?page_id=2020"},"modified":"2026-03-31T20:12:57","modified_gmt":"2026-03-31T20:12:57","slug":"harty","status":"publish","type":"page","link":"https:\/\/skingraphix.de\/web\/index.php\/harty\/","title":{"rendered":"harty-japanisches-tattoo-berlin"},"content":{"rendered":"<div data-colibri-id=\"2020-c1\" class=\"style-666 style-local-2020-c1 position-relative\">\n  <!---->\n  <div data-colibri-component=\"section\" data-colibri-id=\"2020-c2\" id=\"custom\" class=\"h-section h-section-global-spacing d-flex align-items-lg-center align-items-md-center align-items-center style-667 style-local-2020-c2 position-relative\">\n    <!---->\n    <div class=\"h-separator\" style=\"height: 100px; top: calc(0px);\">\n      <svg style=\"fill:rgb(102, 102, 102);\" xmlns=\"http:\/\/www.w3.org\/2000\/svg\" viewBox=\"0 0 283.5 18.8\" preserveAspectRatio=\"none\">\n        <polygon points=\"0 12.6 0 18.8 141.8 4.1 283.5 18.8 283.5 12.6 141.8 4 0 12.6\" opacity=\"0.25\" style=\"isolation:isolate\"><\/polygon>\n        <polygon points=\"283.5 12.6 283.5 6.4 141.8 4 283.5 12.6\" opacity=\"0.5\" style=\"isolation:isolate\"><\/polygon>\n        <polygon points=\"0 6.4 0 12.6 141.8 4 0 6.4\" opacity=\"0.5\" style=\"isolation:isolate\"><\/polygon>\n        <polygon points=\"0 1.2 0 6.4 141.8 4 0 1.2\" opacity=\"0.75\" style=\"isolation:isolate\"><\/polygon>\n        <polygon points=\"283.5 6.4 283.5 1.2 141.8 4 283.5 6.4\" opacity=\"0.75\" style=\"isolation:isolate\"><\/polygon>\n        <polygon points=\"0 0 0 1.2 141.8 4 283.5 1.2 283.5 0 0 0\"><\/polygon>\n      <\/svg>\n    <\/div>\n    <div class=\"h-section-grid-container h-section-boxed-container\">\n      <!---->\n      <div data-colibri-id=\"2020-c3\" class=\"h-row-container gutters-row-lg-2 gutters-row-md-2 gutters-row-0 gutters-row-v-lg-2 gutters-row-v-md-2 gutters-row-v-2 style-675 style-local-2020-c3 position-relative\">\n        <!---->\n        <div class=\"h-row justify-content-lg-center justify-content-md-center justify-content-center align-items-lg-stretch align-items-md-stretch align-items-stretch gutters-col-lg-2 gutters-col-md-2 gutters-col-0 gutters-col-v-lg-2 gutters-col-v-md-2 gutters-col-v-2\">\n          <!---->\n          <div class=\"h-column h-column-container d-flex h-col-lg-auto h-col-md-auto h-col-auto style-676-outer style-local-2020-c4-outer\">\n            <div data-colibri-id=\"2020-c4\" class=\"d-flex h-flex-basis h-column__inner h-px-lg-2 h-px-md-2 h-px-2 v-inner-lg-2 v-inner-md-2 v-inner-2 style-676 style-local-2020-c4 position-relative\">\n              <!---->\n              <!---->\n              <div class=\"w-100 h-y-container h-column__content h-column__v-align flex-basis-100 align-self-lg-start align-self-md-start align-self-start\">\n                <!---->\n                <div data-colibri-id=\"2020-c5\" class=\"h-global-transition-all h-heading style-677 style-local-2020-c5 position-relative h-element\">\n                  <!---->\n                  <div class=\"h-heading__outer style-677 style-local-2020-c5\">\n                    <!---->\n                    <!---->\n                    <h4 class=\"\">Harty<\/h4>\n                  <\/div>\n                <\/div>\n              <\/div>\n            <\/div>\n          <\/div>\n        <\/div>\n      <\/div>\n      <div data-colibri-id=\"2020-c6\" class=\"h-row-container gutters-row-lg-2 gutters-row-md-2 gutters-row-0 gutters-row-v-lg-2 gutters-row-v-md-2 gutters-row-v-2 style-680 style-local-2020-c6 position-relative\">\n        <!---->\n        <div class=\"h-row justify-content-lg-center justify-content-md-center justify-content-center align-items-lg-stretch align-items-md-stretch align-items-stretch gutters-col-lg-2 gutters-col-md-2 gutters-col-0 gutters-col-v-lg-2 gutters-col-v-md-2 gutters-col-v-2\">\n          <!---->\n          <div class=\"h-column h-column-container d-flex h-col-lg-auto h-col-md-auto h-col-auto style-681-outer style-local-2020-c7-outer\">\n            <div data-colibri-id=\"2020-c7\" class=\"d-flex h-flex-basis h-column__inner h-px-lg-2 h-px-md-2 h-px-2 v-inner-lg-2 v-inner-md-2 v-inner-2 style-681 style-local-2020-c7 position-relative\">\n              <!---->\n              <!---->\n              <div class=\"w-100 h-y-container h-column__content h-column__v-align flex-basis-100 align-self-lg-start align-self-md-start align-self-start\">\n                <!---->\n                <div data-colibri-id=\"2020-c8\" class=\"h-text h-text-component style-670 style-local-2020-c8 position-relative h-element\">\n                  <!---->\n                  <!---->\n                  <div class=\"\">\n                    <p>Harty ist der Mann f\u00fcr tief Schwarze&nbsp; T\u00e4towierfarbe bei uns.<\/p>\n                    <p>Blackwork-Tattoo-Arbeiten, Letterings und S\u00fcdsee\/Maori-Sleeves macht er am liebsten.<\/p>\n                    <p>Alle die sich Tattoos in dieser Richtung w\u00fcnschen, sind bei ihm bestens aufgehoben.<\/p>\n                    <p>\n                      <br>\n                    <\/p>\n                  <\/div>\n                <\/div>\n              <\/div>\n            <\/div>\n          <\/div>\n          <div class=\"h-column h-column-container d-flex h-col-lg-auto h-col-md-auto h-col-auto style-682-outer style-local-2020-c9-outer\">\n            <div data-colibri-id=\"2020-c9\" class=\"d-flex h-flex-basis h-column__inner h-px-lg-2 h-px-md-2 h-px-2 v-inner-lg-2 v-inner-md-2 v-inner-2 style-682 style-local-2020-c9 position-relative\">\n              <!---->\n              <!---->\n              <div class=\"w-100 h-y-container h-column__content h-column__v-align flex-basis-100 align-self-lg-start align-self-md-start align-self-start\">\n                <!---->\n                <div data-colibri-id=\"2020-c10\" class=\"d-block style-674 style-local-2020-c10 position-relative h-element\">\n                  <!---->\n                  <div class=\"h-image__frame-container-outer\">\n                    <div class=\"h-image__frame-container\">\n                      <!---->\n                      <!---->\n                      <img loading=\"lazy\" decoding=\"async\" width=\"628\" height=\"628\" src=\"https:\/\/skingraphix.de\/wp-content\/uploads\/2025\/02\/cropped-Harty_Profildbild-1.jpg\" class=\"wp-image-2183 style-674-image style-local-2020-c10-image\" alt=\"\" srcset=\"https:\/\/skingraphix.de\/wp-content\/uploads\/2025\/02\/cropped-Harty_Profildbild-1.jpg 628w, https:\/\/skingraphix.de\/wp-content\/uploads\/2025\/02\/cropped-Harty_Profildbild-1-300x300.jpg 300w, https:\/\/skingraphix.de\/wp-content\/uploads\/2025\/02\/cropped-Harty_Profildbild-1-150x150.jpg 150w\" sizes=\"auto, (max-width: 628px) 100vw, 628px\" \/>\n                      <div class=\"h-image__frame h-hide-lg h-hide-md h-hide-sm style-674-frameImage style-local-2020-c10-frameImage\"><\/div>\n                    <\/div>\n                  <\/div>\n                <\/div>\n              <\/div>\n            <\/div>\n          <\/div>\n        <\/div>\n      <\/div>\n    <\/div>\n  <\/div>\n<\/div>","protected":false},"excerpt":{"rendered":"<p>Harty Harty ist der Mann f\u00fcr tief Schwarze&nbsp; T\u00e4towierfarbe bei uns. Blackwork-Tattoo-Arbeiten, Letterings und S\u00fcdsee\/Maori-Sleeves macht er am liebsten. Alle die sich Tattoos in dieser Richtung w\u00fcnschen, sind bei ihm bestens aufgehoben.<\/p>\n","protected":false},"author":2,"featured_media":0,"parent":0,"menu_order":0,"comment_status":"closed","ping_status":"closed","template":"page-templates\/full-width-page.php","meta":{"_monsterinsights_skip_tracking":false,"_monsterinsights_sitenote_active":false,"_monsterinsights_sitenote_note":"","_monsterinsights_sitenote_category":0,"footnotes":""},"class_list":["post-2020","page","type-page","status-publish","hentry"],"aioseo_notices":[],"_links":{"self":[{"href":"https:\/\/skingraphix.de\/web\/index.php\/wp-json\/wp\/v2\/pages\/2020","targetHints":{"allow":["GET"]}}],"collection":[{"href":"https:\/\/skingraphix.de\/web\/index.php\/wp-json\/wp\/v2\/pages"}],"about":[{"href":"https:\/\/skingraphix.de\/web\/index.php\/wp-json\/wp\/v2\/types\/page"}],"author":[{"embeddable":true,"href":"https:\/\/skingraphix.de\/web\/index.php\/wp-json\/wp\/v2\/users\/2"}],"replies":[{"embeddable":true,"href":"https:\/\/skingraphix.de\/web\/index.php\/wp-json\/wp\/v2\/comments?post=2020"}],"version-history":[{"count":2,"href":"https:\/\/skingraphix.de\/web\/index.php\/wp-json\/wp\/v2\/pages\/2020\/revisions"}],"predecessor-version":[{"id":3285,"href":"https:\/\/skingraphix.de\/web\/index.php\/wp-json\/wp\/v2\/pages\/2020\/revisions\/3285"}],"wp:attachment":[{"href":"https:\/\/skingraphix.de\/web\/index.php\/wp-json\/wp\/v2\/media?parent=2020"}],"curies":[{"name":"wp","href":"https:\/\/api.w.org\/{rel}","templated":true}]}}