{"id":302,"date":"2025-01-26T15:51:29","date_gmt":"2025-01-26T15:51:29","guid":{"rendered":"https:\/\/skingraphix.de\/?page_id=302"},"modified":"2026-03-11T09:08:09","modified_gmt":"2026-03-11T09:08:09","slug":"ivonne","status":"publish","type":"page","link":"https:\/\/skingraphix.de\/web\/index.php\/ivonne\/","title":{"rendered":"ivonne-maori-tattoo-berlin"},"content":{"rendered":"<div data-colibri-id=\"302-c1\" class=\"style-365 style-local-302-c1 position-relative\">\r\n  <!---->\r\n  <div data-colibri-component=\"section\" data-colibri-id=\"302-c2\" id=\"custom\" class=\"h-section h-section-global-spacing d-flex align-items-lg-center align-items-md-center align-items-center style-366 style-local-302-c2 position-relative\">\r\n    <!---->\r\n    <!---->\r\n    <div class=\"h-section-grid-container h-section-boxed-container\">\r\n      <!---->\r\n      <div data-colibri-id=\"302-c3\" class=\"h-row-container gutters-row-lg-2 gutters-row-md-2 gutters-row-0 gutters-row-v-lg-2 gutters-row-v-md-2 gutters-row-v-2 style-367 style-local-302-c3 position-relative\">\r\n        <!---->\r\n        <div class=\"h-row justify-content-lg-center justify-content-md-center justify-content-center align-items-lg-stretch align-items-md-stretch align-items-stretch gutters-col-lg-2 gutters-col-md-2 gutters-col-0 gutters-col-v-lg-2 gutters-col-v-md-2 gutters-col-v-2\">\r\n          <!---->\r\n          <div class=\"h-column h-column-container d-flex h-col-lg-auto h-col-md-auto h-col-auto style-368-outer style-local-302-c4-outer\">\r\n            <div data-colibri-id=\"302-c4\" class=\"d-flex h-flex-basis h-column__inner h-px-lg-2 h-px-md-2 h-px-2 v-inner-lg-2 v-inner-md-2 v-inner-2 style-368 style-local-302-c4 position-relative\">\r\n              <!---->\r\n              <!---->\r\n              <div class=\"w-100 h-y-container h-column__content h-column__v-align flex-basis-100 align-self-lg-start align-self-md-start align-self-start\">\r\n                <!---->\r\n                <div data-colibri-id=\"302-c5\" class=\"h-global-transition-all h-heading style-371 style-local-302-c5 position-relative h-element\">\r\n                  <!---->\r\n                  <div class=\"h-heading__outer style-371 style-local-302-c5\">\r\n                    <!---->\r\n                    <!---->\r\n                    <h3 class=\"\">Ivonne<\/h3>\r\n                  <\/div>\r\n                <\/div>\r\n                <div data-colibri-id=\"302-c6\" class=\"h-text h-text-component style-372 style-local-302-c6 position-relative h-element\">\r\n                  <!---->\r\n                  <!---->\r\n                  <div class=\"\">\r\n                    <ul>\r\n                      <li>Ivonne ist<strong style=\"font-family: open_sansregular;\">&nbsp;<\/strong>geb\u00fcrtige Berlinerin, Mami von zwei&nbsp;T\u00f6chtern und&nbsp;<strong style=\"font-family: open_sansregular;\">seit 2014&nbsp;<\/strong>Mikes Kollegin im&nbsp;\r\n                        <strong\r\n                          style=\"font-family: open_sansregular;\">Skingraphix Tattoo Studio<\/strong>. Genau wie Mike war auch Ivonne erst&nbsp;<strong style=\"font-family: open_sansregular;\">Zeichenk\u00fcnstlerin<\/strong>, bevor sie Tattoo-K\u00fcnstlerin wurde. Mike, der via Facebook auf ihre Arbeiten\r\n                          aufmerksam geworden war, \u00fcberredete sie schlie\u00dflich,&nbsp;<strong style=\"font-family: open_sansregular;\">ihrem Talent zu vertrauen<\/strong>&nbsp;, den ungeliebten Pflegeberuf an den Nagel zu h\u00e4ngen, und bei ihm das Handwerk des\r\n                          t\u00e4towierens zu lernen<\/li>\r\n                      <li>Heute hat Ivonne <strong style=\"font-family: open_sansregular;\">&nbsp;ihre eigenen Stammkunden<\/strong>, die weite Wege und&nbsp;<strong style=\"font-family: open_sansregular;\">lange Wartezeiten&nbsp;<\/strong>auf sich nehmen, um sich\r\n                        von ihr ein neues Kunstwerk unter die Haut stechen zu lassen.<\/li>\r\n                      <li>Von Mike hat Ivonne die Liebe zu&nbsp;\r\n                        <a href=\"https:\/\/skingraphix.de\/web\/index.php\/realistic-tattoos\" rel=\"nofollow\" target=\"_blank\" style=\"color: rgb(255, 255, 255); font-family: open_sansregular;\"><strong>fotorealistischen Arbeiten<\/strong><\/a>&nbsp;in&nbsp;\r\n                        <a href=\"https:\/\/skingraphix.de\/web\/index.php\/black-grey-tattoos\" rel=\"nofollow\" target=\"_blank\" style=\"color: rgb(255, 255, 255); font-family: open_sansregular;\"><strong>Black &amp; Grey<\/strong><\/a>&nbsp;\u00fcbernommen. Wenn sie eine Idee reizt, mag sie es ab und an aber auch&nbsp;<strong style=\"font-family: open_sansregular;\">gerne bunt<\/strong>. Ivonne ist bekannt f\u00fcr ihr&nbsp;<strong style=\"font-family: open_sansregular;\">Geschick&nbsp;<\/strong>bei\r\n                        besonders filigranen Arbeiten (\r\n                        <a href=\"https:\/\/skingraphix.de\/web\/index.php\/fineline-tattoos\" target=\"_blank\" style=\"color: rgb(255, 255, 255); font-family: open_sansregular;\"><strong>Fineline<\/strong><\/a>)&nbsp;und f\u00fcr die&nbsp;<strong style=\"font-family: open_sansregular;\">zeitlose Eleganz<\/strong>&nbsp;ihrer&nbsp;\r\n                        <a href=\"https:\/\/skingraphix.de\/web\/index.php\/maori-tattoos\" rel=\"nofollow\" target=\"_blank\"\r\n                          style=\"color: rgb(255, 255, 255); font-family: open_sansregular;\"><strong>Maori Tattoos<\/strong><\/a>.<\/li>\r\n                    <\/ul>\r\n                    <p>\r\n                      <br>\r\n                    <\/p>\r\n                  <\/div>\r\n                <\/div>\r\n                <div data-colibri-id=\"302-c7\" class=\"h-x-container style-448 style-local-302-c7 position-relative h-element\">\r\n                  <!---->\r\n                  <div class=\"h-x-container-inner style-dynamic-302-c7-group style-448-spacing style-local-302-c7-spacing\"><span class=\"h-button__outer style-449-outer style-local-302-c8-outer d-inline-flex h-element\"><a h-use-smooth-scroll=\"true\" href=\"https:\/\/skingraphix.de\/index.php\/gallery-ivonne\/\"  data-colibri-id=\"302-c8\" class=\"d-flex w-100 align-items-center h-button justify-content-lg-center justify-content-md-center justify-content-center style-449 style-local-302-c8 position-relative\"><!----><span  class=\"h-svg-icon h-button__icon style-449-icon style-local-302-c8-icon\"><!--Icon by Font Awesome (https:\/\/fontawesome.com)-->\r\n    <svg version=\"1.1\" xmlns=\"http:\/\/www.w3.org\/2000\/svg\" xmlns:xlink=\"http:\/\/www.w3.org\/1999\/xlink\" id=\"camera\" viewBox=\"0 0 1920 1896.0833\">\r\n      <path d=\"M960 672q119 0 203.5 84.5T1248 960t-84.5 203.5T960 1248t-203.5-84.5T672 960t84.5-203.5T960 672zm704-416q106 0 181 75t75 181v896q0 106-75 181t-181 75H256q-106 0-181-75T0 1408V512q0-106 75-181t181-75h224l51-136q19-49 69.5-84.5T704 0h512q53 0 103.5 35.5T1389 120l51 136h224zM960 1408q185 0 316.5-131.5T1408 960t-131.5-316.5T960 512 643.5 643.5 512 960t131.5 316.5T960 1408z\"><\/path>\r\n    <\/svg><\/span> <span>Zur Gallery von Ivonne<\/span><\/a>\r\n                    <\/span>\r\n                  <\/div>\r\n                <\/div>\r\n              <\/div>\r\n            <\/div>\r\n          <\/div>\r\n          <div class=\"h-column h-column-container d-flex h-col-lg-auto h-col-md-auto h-col-auto style-369-outer style-local-302-c9-outer\">\r\n            <div data-colibri-id=\"302-c9\" class=\"d-flex h-flex-basis h-column__inner h-px-lg-2 h-px-md-2 h-px-2 v-inner-lg-2 v-inner-md-2 v-inner-2 style-369 style-local-302-c9 position-relative\">\r\n              <!---->\r\n              <!---->\r\n              <div class=\"w-100 h-y-container h-column__content h-column__v-align flex-basis-100 align-self-lg-center align-self-md-center align-self-center\">\r\n                <!---->\r\n                <div data-colibri-id=\"302-c10\" class=\"d-block style-370 style-local-302-c10 position-relative h-element\">\r\n                  <!---->\r\n                  <div class=\"h-image__frame-container-outer\">\r\n                    <div class=\"h-image__frame-container\">\r\n                      <!---->\r\n                      <!---->\r\n                      <img loading=\"lazy\" decoding=\"async\" width=\"300\" height=\"300\" src=\"https:\/\/skingraphix.de\/wp-content\/uploads\/2025\/01\/Ivonne-300x300-1.jpg\" class=\"wp-image-114 style-370-image style-local-302-c10-image\" alt=\"Portr\u00e4tfoto der Tattoo-K\u00fcnstlerin Ivonne bei der Arbeit an einem filigranen Design.\" srcset=\"https:\/\/skingraphix.de\/wp-content\/uploads\/2025\/01\/Ivonne-300x300-1.jpg 300w, https:\/\/skingraphix.de\/wp-content\/uploads\/2025\/01\/Ivonne-300x300-1-150x150.jpg 150w\" sizes=\"auto, (max-width: 300px) 100vw, 300px\" \/>\r\n                      <div class=\"h-image__frame h-hide-lg h-hide-md h-hide-sm style-370-frameImage style-local-302-c10-frameImage\"><\/div>\r\n                    <\/div>\r\n                  <\/div>\r\n                <\/div>\r\n              <\/div>\r\n            <\/div>\r\n          <\/div>\r\n        <\/div>\r\n      <\/div>\r\n    <\/div>\r\n  <\/div>\r\n<\/div>","protected":false},"excerpt":{"rendered":"<p>Ivonne Ivonne ist&nbsp;geb\u00fcrtige Berlinerin, Mami von zwei&nbsp;T\u00f6chtern und&nbsp;seit 2014&nbsp;Mikes Kollegin im&nbsp; Skingraphix Tattoo Studio. Genau wie Mike war auch Ivonne erst&nbsp;Zeichenk\u00fcnstlerin, bevor sie Tattoo-K\u00fcnstlerin wurde. Mike, der via Facebook auf ihre Arbeiten aufmerksam geworden war, \u00fcberredete sie schlie\u00dflich,&nbsp;ihrem Talent zu vertrauen&nbsp;, den ungeliebten Pflegeberuf an den Nagel zu h\u00e4ngen, und bei ihm das Handwerk des [&hellip;]<\/p>\n","protected":false},"author":2,"featured_media":0,"parent":0,"menu_order":0,"comment_status":"closed","ping_status":"closed","template":"page-templates\/full-width-page.php","meta":{"_monsterinsights_skip_tracking":false,"_monsterinsights_sitenote_active":false,"_monsterinsights_sitenote_note":"","_monsterinsights_sitenote_category":0,"footnotes":""},"class_list":["post-302","page","type-page","status-publish","hentry"],"aioseo_notices":[],"_links":{"self":[{"href":"https:\/\/skingraphix.de\/web\/index.php\/wp-json\/wp\/v2\/pages\/302","targetHints":{"allow":["GET"]}}],"collection":[{"href":"https:\/\/skingraphix.de\/web\/index.php\/wp-json\/wp\/v2\/pages"}],"about":[{"href":"https:\/\/skingraphix.de\/web\/index.php\/wp-json\/wp\/v2\/types\/page"}],"author":[{"embeddable":true,"href":"https:\/\/skingraphix.de\/web\/index.php\/wp-json\/wp\/v2\/users\/2"}],"replies":[{"embeddable":true,"href":"https:\/\/skingraphix.de\/web\/index.php\/wp-json\/wp\/v2\/comments?post=302"}],"version-history":[{"count":1,"href":"https:\/\/skingraphix.de\/web\/index.php\/wp-json\/wp\/v2\/pages\/302\/revisions"}],"predecessor-version":[{"id":2986,"href":"https:\/\/skingraphix.de\/web\/index.php\/wp-json\/wp\/v2\/pages\/302\/revisions\/2986"}],"wp:attachment":[{"href":"https:\/\/skingraphix.de\/web\/index.php\/wp-json\/wp\/v2\/media?parent=302"}],"curies":[{"name":"wp","href":"https:\/\/api.w.org\/{rel}","templated":true}]}}