{"id":327,"date":"2025-01-26T15:55:17","date_gmt":"2025-01-26T15:55:17","guid":{"rendered":"https:\/\/skingraphix.de\/?page_id=327"},"modified":"2026-04-01T09:42:49","modified_gmt":"2026-04-01T09:42:49","slug":"dein-termin","status":"publish","type":"page","link":"https:\/\/skingraphix.de\/web\/index.php\/dein-termin\/","title":{"rendered":"Dein Termin"},"content":{"rendered":"<div data-colibri-id=\"327-c1\" class=\"style-434 style-local-327-c1 position-relative\">\n  <!---->\n  <div data-colibri-component=\"section\" data-colibri-id=\"327-c2\" id=\"custom\" class=\"h-section h-section-global-spacing d-flex align-items-lg-center align-items-md-center align-items-center style-435 style-local-327-c2 position-relative\">\n    <!---->\n    <div style=\"height: 100px; top: calc(0px);\" class=\"h-separator\">\n      <svg style=\"fill:rgb(102, 102, 102);\" xmlns=\"http:\/\/www.w3.org\/2000\/svg\" viewBox=\"0 0 283.5 18.8\" preserveAspectRatio=\"none\">\n        <polygon points=\"0 12.6 0 18.8 141.8 4.1 283.5 18.8 283.5 12.6 141.8 4 0 12.6\" opacity=\"0.25\" style=\"isolation:isolate\"><\/polygon>\n        <polygon points=\"283.5 12.6 283.5 6.4 141.8 4 283.5 12.6\" opacity=\"0.5\" style=\"isolation:isolate\"><\/polygon>\n        <polygon points=\"0 6.4 0 12.6 141.8 4 0 6.4\" opacity=\"0.5\" style=\"isolation:isolate\"><\/polygon>\n        <polygon points=\"0 1.2 0 6.4 141.8 4 0 1.2\" opacity=\"0.75\" style=\"isolation:isolate\"><\/polygon>\n        <polygon points=\"283.5 6.4 283.5 1.2 141.8 4 283.5 6.4\" opacity=\"0.75\" style=\"isolation:isolate\"><\/polygon>\n        <polygon points=\"0 0 0 1.2 141.8 4 283.5 1.2 283.5 0 0 0\"><\/polygon>\n      <\/svg>\n    <\/div>\n    <div class=\"h-section-grid-container h-section-boxed-container\">\n      <!---->\n      <div data-colibri-id=\"327-c3\" class=\"h-row-container gutters-row-lg-2 gutters-row-md-2 gutters-row-0 gutters-row-v-lg-2 gutters-row-v-md-2 gutters-row-v-2 style-436 style-local-327-c3 position-relative\">\n        <!---->\n        <div class=\"h-row justify-content-lg-center justify-content-md-center justify-content-center align-items-lg-stretch align-items-md-stretch align-items-stretch gutters-col-lg-2 gutters-col-md-2 gutters-col-0 gutters-col-v-lg-2 gutters-col-v-md-2 gutters-col-v-2\">\n          <!---->\n          <div class=\"h-column h-column-container d-flex h-col-lg-auto h-col-md-auto h-col-auto style-437-outer style-local-327-c4-outer\">\n            <div data-colibri-id=\"327-c4\" class=\"d-flex h-flex-basis h-column__inner h-px-lg-2 h-px-md-2 h-px-2 v-inner-lg-2 v-inner-md-2 v-inner-2 style-437 style-local-327-c4 position-relative\">\n              <!---->\n              <!---->\n              <div class=\"w-100 h-y-container h-column__content h-column__v-align flex-basis-100 align-self-lg-start align-self-md-start align-self-start\">\n                <!---->\n                <div data-colibri-id=\"327-c5\" class=\"h-text h-text-component style-438 style-local-327-c5 position-relative h-element\">\n                  <!---->\n                  <!---->\n                  <div class=\"\">\n                    <h2>Vorbereitung auf deinen Termin<\/h2>\n                    <p>Im&nbsp;<strong style=\"font-family: open_sansregular;\">Skingraphix Tattoo Studio&nbsp;<\/strong>legen wir gr\u00f6\u00dften Wert auf eine<strong style=\"font-family: open_sansregular;\">&nbsp;entspannte Arbeitsatmosph\u00e4re<\/strong>, in der wir unser\n                      Bestes geben k\u00f6nnen und niemand<strong style=\"font-family: open_sansregular;\">&nbsp;deine Privatsph\u00e4re<\/strong>&nbsp;st\u00f6rt. Aus diesem Grund arbeiten wir mit&nbsp;<strong style=\"font-family: open_sansregular;\">festen Terminen.<\/strong>                      Gut Ding will Weile haben.<\/p>\n                    <h4><span style=\"color: rgb(255, 255, 255);\">Dein Termin<\/span><\/h4>\n                    <p>Du hast die&nbsp;<strong style=\"font-family: open_sansregular;\">Vision<\/strong>, wir haben das<strong style=\"font-family: open_sansregular;\">&nbsp;Know-How<\/strong>, und gemeinsam machen wir&nbsp;<strong style=\"font-family: open_sansregular;\">Kunst<\/strong>!\n                      Daf\u00fcr m\u00fcssen wir aber erstmal quatschen. Bei deinem&nbsp;<strong style=\"font-family: open_sansregular;\">kostenlosen Beratungstermin<\/strong>&nbsp;m\u00f6chten wir alles sehen, was dich zu&nbsp;<strong style=\"font-family: open_sansregular;\">deiner Tattoo-Idee<\/strong>&nbsp;inspiriert\n                      hat: Wir bl\u00e4ttern mit dir durch&nbsp;<strong style=\"font-family: open_sansregular;\">Zeichnungen und Skizzen<\/strong>, schauen uns Fotos an, und finden gemeinsam heraus, wie wir&nbsp;<strong style=\"font-family: open_sansregular;\">deine Idee&nbsp;<\/strong>am\n                      besten&nbsp;<strong style=\"font-family: open_sansregular;\">umsetzen<\/strong>&nbsp;k\u00f6nnen.<\/p>\n                    <p>Schreib uns gerne \u00fcber das&nbsp;\n                      <a href=\"https:\/\/skingraphix.de\/index.php\/kontakt\" target=\"_blank\" style=\"color: rgb(255, 255, 255); font-family: open_sansregular;\"><strong>Kontaktformular<\/strong><\/a>&nbsp;oder ruf direkt im Studio an unter&nbsp;<strong style=\"font-family: open_sansregular;\">030 49 85 64 46<\/strong>, damit wir einen&nbsp;<strong style=\"font-family: open_sansregular;\">Termin vereinbaren<\/strong>&nbsp;k\u00f6nnen.\n                      Wenn du im Studio niemanden erreichst, weil z.B. s\u00e4mtliche H\u00e4nde gerade in Handschuhen stecken, dann gib dem Anrufbeantworter bitte deine Nummer, damit wir dich&nbsp;<strong style=\"font-family: open_sansregular;\">zur\u00fcckrufen<\/strong>&nbsp;k\u00f6nnen.<\/p>\n                    <h4><span style=\"color: rgb(255, 255, 255);\">Vorbereitung auf deinen Tattootermin<\/span><\/h4>\n                    <p>W\u00e4hrend du dich wie Bolle \u00fcber dein neues Tattoo freust, findet dein K\u00f6rper dich nach dem Stechen erstmal so richtig schei\u00dfe. Daran f\u00fchrt auch kein Weg vorbei, denn selbst die kleinste T\u00e4towierung ist<strong style=\"font-family: open_sansregular;\">&nbsp;eine Verletzung<\/strong>,\n                      auf die<strong style=\"font-family: open_sansregular;\">&nbsp;dein K\u00f6rper<\/strong>&nbsp;entsprechend&nbsp;<strong style=\"font-family: open_sansregular;\">reagiert<\/strong>. Mit der&nbsp;<strong style=\"font-family: open_sansregular;\">richtigen Vorbereitung&nbsp;<\/strong>kannst\n                      du aber einiges tun, damit du bei deinem Termin<strong style=\"font-family: open_sansregular;\">&nbsp;l\u00e4nger durchh\u00e4ltst&nbsp;<\/strong>und anschlie\u00dfend weniger leiden musst.<\/p>\n                    <h4><span style=\"color: rgb(255, 255, 255);\">No-Gos vor deinem Tattoo-Termin<\/span><\/h4>\n                    <ul>\n                      <li><strong style=\"font-family: open_sansregular;\">Alkohol<\/strong>: Wer t\u00e4towiert wird, blutet. Wer alkoholisiert t\u00e4towiert wird, blutet wie ein Schwein.<\/li>\n                      <li><strong style=\"font-family: open_sansregular;\">Leerer Magen:<\/strong>&nbsp;We don\u2019t do hangry. Eine solide Mahlzeit vor deinem Termin ist gut f\u00fcr deinen Blutzucker und f\u00fcr die Beziehung zu deinem T\u00e4towierer.<\/li>\n                      <li><strong style=\"font-family: open_sansregular;\">DIY-Rasur<\/strong>: Haare sind f\u00fcr uns kein Problem, Pickelchen und R\u00f6tungen von der DIY-Rasur schon.<\/li>\n                    <\/ul>\n                    <h4><span style=\"color: rgb(255, 255, 255);\">No-Gos nach deinem Tattoo-Termin<\/span><\/h4>\n                    <h4>\n                      <br>\n                    <\/h4>\n                    <ul>\n                      <li><strong style=\"font-family: open_sansregular;\">Gym<\/strong>: Eine frische T\u00e4towierung geh\u00f6rt nicht ins Fitnessstudio. Rest Day, drei Tage lang!<\/li>\n                      <li><strong style=\"font-family: open_sansregular;\">Hustle<\/strong>: Vor allem nach l\u00e4ngeren Sessions ist Ruhe angesagt. Telefon aus &amp; tot stellen.<\/li>\n                      <li><strong style=\"font-family: open_sansregular;\">UV-Strahlung &amp; Chlor<\/strong>: Freibad, Sauna und Solarium m\u00fcssen in den ersten vier Wochen nach deinem Termin auf dich verzichten.<\/li>\n                      <li><strong style=\"font-family: open_sansregular;\">Kratzen &amp; Reiben<\/strong>: Ja, es juckt. Aber wer kratzt, riskiert Narbenbildung.<\/li>\n                    <\/ul>\n                    <h4><span style=\"color: rgb(255, 255, 255);\">To-Dos nach deinem Termin<\/span><\/h4>\n                    <h4>\n                      <br>\n                    <\/h4>\n                    <p>Der beste Weg, bei deinem&nbsp;<strong style=\"font-family: open_sansregular;\">Tattoo Kosten zu sparen<\/strong>, ist eine&nbsp;<strong style=\"font-family: open_sansregular;\">optimale Pflege<\/strong>. Das gilt nicht nur f\u00fcr die ersten\n                      Tage, in denen du die Wunde idealerweise feucht h\u00e4ltst (Stichwort&nbsp;\n                      <a href=\"https:\/\/www.mylife.de\/hautpflege\/tattoo-pflege\/#:~:text=Damit%20sich%20keine%20Krusten%20bilden,lauwarmem%20Wasser%20und%20parfumfreier%20Seife.\" rel=\"noreferrer noopener\"\n                        target=\"_blank\" style=\"color: rgb(255, 255, 255); font-family: open_sansregular;\" class=\"customize-unpreviewable\"><strong>feuchte Wundheilung<\/strong><\/a>) und regelm\u00e4\u00dfig mit einer speziellen&nbsp;<strong style=\"font-family: open_sansregular;\">Tattoo-Salbe<\/strong>&nbsp;behandelst, sondern auch f\u00fcr die Zeit danach. Sonnenb\u00e4der ohne&nbsp;\n                      <strong\n                        style=\"font-family: open_sansregular;\">hohen Lichtschutzfaktor<\/strong>&nbsp;machen ein Nachstechen schneller n\u00f6tig, als du \u201eUnfair!\u201c sagen kannst.<\/p>\n                    <h4><span style=\"color: rgb(255, 255, 255);\">Absage &amp; Anzahlung<\/span><\/h4>\n                    <p>F\u00fcr deinen Tattootermin berechnen wir eine Anzahlung. Diese betr\u00e4gt&nbsp;<strong style=\"font-family: open_sansregular;\">minimal 100 \u20ac&nbsp;<\/strong>und&nbsp;<strong style=\"font-family: open_sansregular;\">maximal 20 Prozent<\/strong>&nbsp;des\n                      gesch\u00e4tzten&nbsp;<strong style=\"font-family: open_sansregular;\">Endpreises<\/strong>. Solltest du deinen Termin absagen wollen, kannst du dies bis&nbsp;<strong style=\"font-family: open_sansregular;\">sp\u00e4testens 48 Stunden<\/strong>&nbsp;vorher\n                      ohne Angabe deiner Gr\u00fcnde tun. In diesem Fall&nbsp;<strong style=\"font-family: open_sansregular;\">erstatten wir dir<\/strong>&nbsp;diese Anzahlung in voller H\u00f6he zur\u00fcck. Sagst du sp\u00e4ter ab oder erscheinst einfach nicht zum Termin,\n                      behalten wir deine Anzahlung ein, um unseren Arbeitsausfall zu kompensieren.<\/p>\n                    <p>Mehr Informationen hierzu findest du in&nbsp;\n                      <a href=\"https:\/\/skingraphix.de\/index.php\/geschaeftsbedingungen\" target=\"_blank\" style=\"color: rgb(255, 255, 255); font-family: open_sansregular;\"><strong>unseren Gesch\u00e4ftsregeln<\/strong><\/a>\n                      <a href=\"https:\/\/skingraphix.de\/index.php\/geschaeftsbedingungen\" target=\"_blank\">.<\/a>\n                    <\/p>\n                    <h4><span style=\"color: rgb(255, 255, 255);\">Kontakt<\/span><\/h4>\n                    <p>Du findest<strong style=\"font-family: open_sansregular;\">&nbsp;Skingraphix Tattoo Studio&nbsp;<\/strong>in Berlin Pankow-Wilhelmsruh, 20 Autominuten vom Prenzlauer Berg entfernt, oder 5 Gehminuten vom S-Bhf Wilhelmsruh, in der Niederstra\u00dfe\n                      19 in 13158 Berlin. Wir stechen Dienstag bis Samstag von<strong style=\"font-family: open_sansregular;\">&nbsp;14 Uhr bis 19 Uhr<\/strong>.&nbsp;<\/p>\n                    <p>Du hast Fragen? Dann schreib uns gerne eine&nbsp;<strong style=\"font-family: open_sansregular;\">Email&nbsp;<\/strong>oder ruf uns an (\n                      <a href=\"https:\/\/skingraphix.de\/index.php\/kontakt\" target=\"_blank\" style=\"color: rgb(255, 255, 255); font-family: open_sansregular;\"><strong>Kontakt<\/strong><\/a>).<\/p>\n                    <p>\n                      <br>\n                    <\/p>\n                  <\/div>\n                <\/div>\n                <div data-colibri-id=\"327-c12\" class=\"h-text h-text-component style-732 style-local-327-c12 position-relative h-element\">\n                  <!---->\n                  <!---->\n                  <div class=\"\">\n                    <p>Oder wenn du schon wei\u00dft was f\u00fcr ein Tattoo du m\u00f6chtest, kannst du hier direkt dein Erstberatungstermin buchen.<\/p>\n                  <\/div>\n                <\/div>\n                <div data-colibri-id=\"327-c11\" class=\"style-729 style-local-327-c11 position-relative h-element\">\n                  <!---->\n                  <div class=\"\">\n                    <!-- Cal inline embed code begins -->\n                    <div style=\"width:100%;height:100%;overflow:scroll\" id=\"my-cal-inline-kostenlose-erstberatung-1-stunde\"><\/div>\n                    <script type=\"text\/javascript\">\n                      (function(C, A, L) {\n                        let p = function(a, ar) {\n                          a.q.push(ar);\n                        };\n                        let d = C.document;\n                        C.Cal = C.Cal || function() {\n                          let cal = C.Cal;\n                          let ar = arguments;\n                          if (!cal.loaded) {\n                            cal.ns = {};\n                            cal.q = cal.q || [];\n                            d.head.appendChild(d.createElement(\"script\")).src = A;\n                            cal.loaded = true;\n                          }\n                          if (ar[0] === L) {\n                            const api = function() {\n                              p(api, arguments);\n                            };\n                            const namespace = ar[1];\n                            api.q = api.q || [];\n                            if (typeof namespace === \"string\") {\n                              cal.ns[namespace] = cal.ns[namespace] || api;\n                              p(cal.ns[namespace], ar);\n                              p(cal, [\"initNamespace\", namespace]);\n                            } else p(cal, ar);\n                            return;\n                          }\n                          p(cal, ar);\n                        };\n                      })(window, \"https:\/\/app.cal.eu\/embed\/embed.js\", \"init\");\n                      Cal(\"init\", \"kostenlose-erstberatung-1-stunde\", {\n                        origin: \"https:\/\/app.cal.eu\"\n                      });\n                      Cal.ns[\"kostenlose-erstberatung-1-stunde\"](\"inline\", {\n                        elementOrSelector: \"#my-cal-inline-kostenlose-erstberatung-1-stunde\",\n                        config: {\n                          \"layout\": \"month_view\",\n                          \"useSlotsViewOnSmallScreen\": \"true\"\n                        },\n                        calLink: \"info-skingraphix.de\/kostenlose-erstberatung-1-stunde\",\n                      });\n                      Cal.ns[\"kostenlose-erstberatung-1-stunde\"](\"ui\", {\n                        \"hideEventTypeDetails\": false,\n                        \"layout\": \"month_view\"\n                      });\n                    <\/script>\n                    <!-- Cal inline embed code ends -->\n                  <\/div>\n                <\/div>\n              <\/div>\n            <\/div>\n          <\/div>\n        <\/div>\n      <\/div>\n      <div data-colibri-id=\"327-c9\" class=\"h-row-container gutters-row-lg-2 gutters-row-md-2 gutters-row-0 gutters-row-v-lg-2 gutters-row-v-md-2 gutters-row-v-2 style-730 style-local-327-c9 position-relative\">\n        <!---->\n        <div class=\"h-row justify-content-lg-center justify-content-md-center justify-content-center align-items-lg-stretch align-items-md-stretch align-items-stretch gutters-col-lg-2 gutters-col-md-2 gutters-col-0 gutters-col-v-lg-2 gutters-col-v-md-2 gutters-col-v-2\">\n          <!---->\n          <div class=\"h-column h-column-container d-flex h-col-lg-auto h-col-md-auto h-col-auto style-731-outer style-local-327-c10-outer\">\n            <div data-colibri-id=\"327-c10\" class=\"d-flex h-flex-basis h-column__inner h-ui-empty-state-container h-px-lg-2 h-px-md-2 h-px-2 v-inner-lg-2 v-inner-md-2 v-inner-2 style-731 style-local-327-c10 position-relative\">\n              <!---->\n              <!---->\n              <div class=\"w-100 h-y-container h-column__content h-column__v-align flex-basis-100\">\n                <!---->\n              <\/div>\n            <\/div>\n          <\/div>\n        <\/div>\n      <\/div>\n      <div data-colibri-id=\"327-c6\" class=\"h-row-container gutters-row-lg-2 gutters-row-md-2 gutters-row-0 gutters-row-v-lg-2 gutters-row-v-md-2 gutters-row-v-2 style-727 style-local-327-c6 position-relative\">\n        <!---->\n        <div class=\"h-row justify-content-lg-center justify-content-md-center justify-content-center align-items-lg-stretch align-items-md-stretch align-items-stretch gutters-col-lg-2 gutters-col-md-2 gutters-col-0 gutters-col-v-lg-2 gutters-col-v-md-2 gutters-col-v-2\">\n          <!---->\n          <div class=\"h-column h-column-container d-flex h-col-lg-auto h-col-md-auto h-col-auto style-728-outer style-local-327-c7-outer\">\n            <div data-colibri-id=\"327-c7\" class=\"d-flex h-flex-basis h-column__inner h-ui-empty-state-container h-px-lg-2 h-px-md-2 h-px-2 v-inner-lg-2 v-inner-md-2 v-inner-2 style-728 style-local-327-c7 position-relative\">\n              <!---->\n              <!---->\n              <div class=\"w-100 h-y-container h-column__content h-column__v-align flex-basis-100\">\n                <!---->\n              <\/div>\n            <\/div>\n          <\/div>\n        <\/div>\n      <\/div>\n    <\/div>\n  <\/div>\n<\/div>","protected":false},"excerpt":{"rendered":"<p>Vorbereitung auf deinen Termin Im&nbsp;Skingraphix Tattoo Studio&nbsp;legen wir gr\u00f6\u00dften Wert auf eine&nbsp;entspannte Arbeitsatmosph\u00e4re, in der wir unser Bestes geben k\u00f6nnen und niemand&nbsp;deine Privatsph\u00e4re&nbsp;st\u00f6rt. Aus diesem Grund arbeiten wir mit&nbsp;festen Terminen. Gut Ding will Weile haben. Dein Termin Du hast die&nbsp;Vision, wir haben das&nbsp;Know-How, und gemeinsam machen wir&nbsp;Kunst! Daf\u00fcr m\u00fcssen wir aber erstmal quatschen. Bei deinem&nbsp;kostenlosen [&hellip;]<\/p>\n","protected":false},"author":2,"featured_media":0,"parent":0,"menu_order":0,"comment_status":"closed","ping_status":"closed","template":"page-templates\/full-width-page.php","meta":{"_monsterinsights_skip_tracking":false,"_monsterinsights_sitenote_active":false,"_monsterinsights_sitenote_note":"","_monsterinsights_sitenote_category":0,"footnotes":""},"class_list":["post-327","page","type-page","status-publish","hentry"],"aioseo_notices":[],"_links":{"self":[{"href":"https:\/\/skingraphix.de\/web\/index.php\/wp-json\/wp\/v2\/pages\/327","targetHints":{"allow":["GET"]}}],"collection":[{"href":"https:\/\/skingraphix.de\/web\/index.php\/wp-json\/wp\/v2\/pages"}],"about":[{"href":"https:\/\/skingraphix.de\/web\/index.php\/wp-json\/wp\/v2\/types\/page"}],"author":[{"embeddable":true,"href":"https:\/\/skingraphix.de\/web\/index.php\/wp-json\/wp\/v2\/users\/2"}],"replies":[{"embeddable":true,"href":"https:\/\/skingraphix.de\/web\/index.php\/wp-json\/wp\/v2\/comments?post=327"}],"version-history":[{"count":2,"href":"https:\/\/skingraphix.de\/web\/index.php\/wp-json\/wp\/v2\/pages\/327\/revisions"}],"predecessor-version":[{"id":3338,"href":"https:\/\/skingraphix.de\/web\/index.php\/wp-json\/wp\/v2\/pages\/327\/revisions\/3338"}],"wp:attachment":[{"href":"https:\/\/skingraphix.de\/web\/index.php\/wp-json\/wp\/v2\/media?parent=327"}],"curies":[{"name":"wp","href":"https:\/\/api.w.org\/{rel}","templated":true}]}}